{"id":800,"date":"2025-09-08T22:32:42","date_gmt":"2025-09-08T22:32:42","guid":{"rendered":"https:\/\/pvflix.com\/?page_id=800"},"modified":"2025-09-29T21:52:06","modified_gmt":"2025-09-29T21:52:06","slug":"payment-policy","status":"publish","type":"page","link":"https:\/\/pvflix.com\/de\/payment-policy\/","title":{"rendered":"Zahlungsbedingungen"},"content":{"rendered":"<div data-elementor-type=\"wp-page\" data-elementor-id=\"800\" class=\"elementor elementor-800\" data-elementor-post-type=\"page\">\n\t\t\t\t<div class=\"elementor-element elementor-element-103fcd7 e-flex e-con-boxed e-con e-parent\" data-id=\"103fcd7\" data-element_type=\"container\" data-settings=\"{&quot;background_background&quot;:&quot;gradient&quot;}\">\n\t\t\t\t\t<div class=\"e-con-inner\">\n\t\t\t\t<div class=\"elementor-element elementor-element-41a196f elementor-invisible elementor-widget elementor-widget-wdes-section-header-widget\" data-id=\"41a196f\" data-element_type=\"widget\" data-settings=\"{&quot;_animation&quot;:&quot;zoomIn&quot;}\" data-widget_type=\"wdes-section-header-widget.default\">\n\t\t\t\t<div class=\"elementor-widget-container\">\n\t\t\t\t\t<section class=\"widget-content wdes-widget-section-header\"><div class=\"wdes-widget-inner wdes-text-align-center\"><h1 class=\"wdes-section-header-primary\">Zahlungsbedingungen<\/h1><\/div><\/section>\t\t\t\t<\/div>\n\t\t\t\t<\/div>\n\t\t\t\t\t<\/div>\n\t\t\t\t<\/div>\n\t\t\t\t<section class=\"elementor-section elementor-top-section elementor-element elementor-element-7ff386f elementor-section-boxed elementor-section-height-default elementor-section-height-default\" data-id=\"7ff386f\" data-element_type=\"section\" data-settings=\"{&quot;background_background&quot;:&quot;classic&quot;}\">\n\t\t\t\t\t\t<div class=\"elementor-container elementor-column-gap-default\">\n\t\t\t\t\t<div class=\"elementor-column elementor-col-100 elementor-top-column elementor-element elementor-element-be94a81\" data-id=\"be94a81\" data-element_type=\"column\">\n\t\t\t<div class=\"elementor-widget-wrap elementor-element-populated\">\n\t\t\t\t\t\t<section class=\"elementor-section elementor-inner-section elementor-element elementor-element-369349e animated-slow elementor-section-boxed elementor-section-height-default elementor-section-height-default elementor-invisible\" data-id=\"369349e\" data-element_type=\"section\" data-settings=\"{&quot;background_background&quot;:&quot;classic&quot;,&quot;animation&quot;:&quot;fadeIn&quot;,&quot;animation_delay&quot;:100}\">\n\t\t\t\t\t\t<div class=\"elementor-container elementor-column-gap-default\">\n\t\t\t\t\t<div class=\"elementor-column elementor-col-100 elementor-inner-column elementor-element elementor-element-b3bde67\" data-id=\"b3bde67\" data-element_type=\"column\" data-settings=\"{&quot;background_background&quot;:&quot;classic&quot;}\">\n\t\t\t<div class=\"elementor-widget-wrap elementor-element-populated\">\n\t\t\t\t\t\t<div class=\"elementor-element elementor-element-1def9d3 elementor-invisible elementor-widget elementor-widget-wdes-section-header-widget\" data-id=\"1def9d3\" data-element_type=\"widget\" data-settings=\"{&quot;_animation&quot;:&quot;fadeIn&quot;}\" data-widget_type=\"wdes-section-header-widget.default\">\n\t\t\t\t<div class=\"elementor-widget-container\">\n\t\t\t\t\t<section class=\"widget-content wdes-widget-section-header\"><div class=\"wdes-widget-inner wdes-text-align-center\"><h2 class=\"wdes-section-header-primary\">So schliessen Sie Ihre PV Flix-Zahlung ab<\/h2><div class=\"wdes-section-header-description\"><p style=\"text-align: left;\" data-spm-anchor-id=\"a2ty_o01.29997173.0.i12.6f8ec9213uAlIx\">Bei PV Flix haben wir einen sicheren Zahlungsprozess entwickelt, der Ihre finanziellen Daten sch\u00fctzt und Ihnen gleichzeitig die \u201ePremium Worldwide Entertainment Without Limits\u201c bietet, die Sie verdienen. Im Gegensatz zu herk\u00f6mmlichen Checkout-Systemen wird unsere Zahlungsabwicklung direkt \u00fcber unser Support-Team abgewickelt, um maximale Sicherheit zu gew\u00e4hrleisten.<\/p><h3 style=\"text-align: left;\"><span style=\"color: #000000;\">Unsere Zahlungsoptionen:<\/span><\/h3><ol dir=\"auto\" style=\"text-align: left;\" start=\"1\"><li><p><strong>PayPal<\/strong><br \/>Ideal f\u00fcr schnelle Zahlungen und Kreditkarten.<\/p><\/li><li><p><strong>Bank\u00fcberweisung<\/strong><br \/>Bitte lesen Sie die folgenden Informationen.<\/p><\/li><\/ol><h3 style=\"text-align: left;\"><span style=\"color: #000000;\">Unser Zahlungsprozess:<\/span><\/h3><ol dir=\"auto\" style=\"text-align: left;\" start=\"1\"><li><p><strong>Bestellen Sie Ihren Tarif<\/strong><br \/>W\u00e4hlen Sie auf unserer Website Ihren gew\u00fcnschten Abonnement-Tarif aus.<\/p><\/li><li><p><strong>Geben Sie Ihre Kundendaten vollst\u00e4ndig an<\/strong><br \/>Geben Sie folgende Angaben an:<\/p><ul dir=\"auto\"><li>Vollst\u00e4ndiger Name (Vor- und Nachname)<\/li><li>G\u00fcltige E-Mail-Adresse<\/li><li>WhatsApp-Nummer (erforderlich f\u00fcr den Zahlungsprozess)<\/li><li>Ger\u00e4tetyp, den Sie verwenden werden<\/li><\/ul><\/li><li><p><strong>Erhalten Sie Zahlungsanweisungen<\/strong><br \/>Innerhalb von 5 Minuten nach \u00dcbermittlung Ihrer Daten:<\/p><ul dir=\"auto\"><li>Wird unser Team Sie per WhatsApp kontaktieren.<\/li><li>Wir senden Ihnen sichere Bank\u00fcberweisungsdaten.<\/li><li>Sie erhalten klare Zahlungsanweisungen.<\/li><\/ul><\/li><li><p><strong>T\u00e4tigen Sie Ihre Zahlung<\/strong><\/p><ul dir=\"auto\"><li>\u00dcberweisen Sie den Betrag per Bank\u00fcberweisung auf unser sicheres Konto.<\/li><li>Machen Sie einen Screenshot Ihrer Zahlungsbest\u00e4tigung.<\/li><li>Senden Sie den Screenshot an unsere WhatsApp-Nummer.<\/li><\/ul><\/li><\/ol><ol dir=\"auto\" style=\"text-align: left;\" start=\"5\"><li><strong>Sofortige Aktivierung<\/strong><br \/>Sobald wir Ihre Zahlung best\u00e4tigt haben:<br \/><ul dir=\"auto\"><li>Ihr Dienst wird innerhalb von 10 Minuten aktiviert.<\/li><li>Sie erhalten alle erforderlichen Zugangsdaten.<\/li><li>Geniessen Sie ab sofort Ihre Premium-Unterhaltung aus der ganzen Welt \u2013 ohne Grenzen.<\/li><\/ul><\/li><\/ol><h3 style=\"text-align: left;\"><span style=\"color: #000000;\">Wichtige Hinweise:<\/span><\/h3><ul dir=\"auto\" style=\"text-align: left;\"><li>Die Aktivierung des Dienstes beginnt erst nach Best\u00e4tigung der Zahlung.<\/li><li>Die Zahlung muss innerhalb von 24 Stunden nach Bestellung erfolgen.<\/li><li>Alle Zahlungen sind einmalig \u2013 es fallen keine wiederkehrenden Geb\u00fchren an.<\/li><li>We accept payments in Euro (\u20ac) for Europe in general, in Swiss Francs (CHF) for Switzerland and in British Pounds (GBP) for the United Kingdom.<\/li><\/ul><p style=\"text-align: left;\" data-spm-anchor-id=\"a2ty_o01.29997173.0.i13.6f8ec9213uAlIx\">Mit der Fortsetzung Ihrer Bestellung stimmen Sie unserer Zahlungsrichtlinie zu und best\u00e4tigen, dass Sie unsere Aktivierungsrichtlinie gelesen und verstanden haben. Damit stellen Sie sicher, dass die Einrichtung Ihres \u201ePremium Worldwide Entertainment Without Limits\u201c mit PV Flix reibungslos verl\u00e4uft.<\/p><\/div><\/div><\/section>\t\t\t\t<\/div>\n\t\t\t\t<\/div>\n\t\t\t\t\t<\/div>\n\t\t<\/div>\n\t\t\t\t\t<\/div>\n\t\t<\/section>\n\t\t\t\t\t<\/div>\n\t\t<\/div>\n\t\t\t\t\t<\/div>\n\t\t<\/section>\n\t\t\t\t<\/div>","protected":false},"excerpt":{"rendered":"<p>Payment Policy How to Complete Your PV Flix Payment At PV Flix, we&#8217;ve designed a secure payment process that protects your financial information while providing you with the Premium Worldwide Entertainment Without Limits you deserve. Unlike standard checkout systems, our payment process is handled directly through our support team to ensure maximum security. Our Payment [&hellip;]<\/p>","protected":false},"author":1,"featured_media":0,"parent":0,"menu_order":0,"comment_status":"closed","ping_status":"closed","template":"","meta":{"footnotes":""},"class_list":["post-800","page","type-page","status-publish","hentry"],"jetpack_sharing_enabled":true,"rttpg_featured_image_url":null,"rttpg_author":{"display_name":"PV Flix","author_link":"https:\/\/pvflix.com\/de\/author\/pvflixsitegmail-com\/"},"rttpg_comment":0,"rttpg_category":null,"rttpg_excerpt":"Payment Policy How to Complete Your PV Flix Payment At PV Flix, we&#8217;ve designed a secure payment process that protects your financial information while providing you with the Premium Worldwide Entertainment Without Limits you deserve. Unlike standard checkout systems, our payment process is handled directly through our support team to ensure maximum security. Our Payment&hellip;","_links":{"self":[{"href":"https:\/\/pvflix.com\/de\/wp-json\/wp\/v2\/pages\/800","targetHints":{"allow":["GET"]}}],"collection":[{"href":"https:\/\/pvflix.com\/de\/wp-json\/wp\/v2\/pages"}],"about":[{"href":"https:\/\/pvflix.com\/de\/wp-json\/wp\/v2\/types\/page"}],"author":[{"embeddable":true,"href":"https:\/\/pvflix.com\/de\/wp-json\/wp\/v2\/users\/1"}],"replies":[{"embeddable":true,"href":"https:\/\/pvflix.com\/de\/wp-json\/wp\/v2\/comments?post=800"}],"version-history":[{"count":0,"href":"https:\/\/pvflix.com\/de\/wp-json\/wp\/v2\/pages\/800\/revisions"}],"wp:attachment":[{"href":"https:\/\/pvflix.com\/de\/wp-json\/wp\/v2\/media?parent=800"}],"curies":[{"name":"wp","href":"https:\/\/api.w.org\/{rel}","templated":true}]}}