{"id":740,"date":"2025-09-06T17:58:34","date_gmt":"2025-09-06T17:58:34","guid":{"rendered":"https:\/\/pvflix.com\/?page_id=740"},"modified":"2025-09-18T05:50:45","modified_gmt":"2025-09-18T05:50:45","slug":"about-us","status":"publish","type":"page","link":"https:\/\/pvflix.com\/de\/about-us\/","title":{"rendered":"about us"},"content":{"rendered":"<div data-elementor-type=\"wp-page\" data-elementor-id=\"740\" class=\"elementor elementor-740\" data-elementor-post-type=\"page\">\n\t\t\t\t<div class=\"elementor-element elementor-element-918b8c8 e-flex e-con-boxed e-con e-parent\" data-id=\"918b8c8\" data-element_type=\"container\" data-settings=\"{&quot;background_background&quot;:&quot;gradient&quot;}\">\n\t\t\t\t\t<div class=\"e-con-inner\">\n\t\t\t\t<div class=\"elementor-element elementor-element-d88a150 elementor-invisible elementor-widget elementor-widget-wdes-section-header-widget\" data-id=\"d88a150\" data-element_type=\"widget\" data-settings=\"{&quot;_animation&quot;:&quot;zoomIn&quot;}\" data-widget_type=\"wdes-section-header-widget.default\">\n\t\t\t\t<div class=\"elementor-widget-container\">\n\t\t\t\t\t<section class=\"widget-content wdes-widget-section-header\"><div class=\"wdes-widget-inner wdes-text-align-center\"><h1 class=\"wdes-section-header-primary\">\u00dcber PV Flix: Ihr Tor zu Premium-TV-Inhalten<\/h1><div class=\"wdes-section-header-description\"><p>Bei PV Flix sind wir \u00fcberzeugt, dass jeder nahtlosen Zugang zur Unterhaltung verdient, die er liebt \u2013 ohne Einschr\u00e4nkungen oder \u00c4rger. Entstanden aus unseren eigenen Erfahrungen mit unzuverl\u00e4ssigen Streaming-Diensten und komplizierten Einrichtungen, haben wir eine Plattform geschaffen, die Sie in den Mittelpunkt stellt: mit kristallklaren Inhalten auf all Ihren Ger\u00e4ten und der Zuverl\u00e4ssigkeit, die Sie verdienen. Unsere Mission ist einfach: Premium-Unterhaltungserlebnisse zu bieten, die genauso leistungsf\u00e4hig sind wie Sie \u2013 damit Sie sich ganz darauf konzentrieren k\u00f6nnen, was wirklich z\u00e4hlt: Ihre Lieblingssendungen, Sportevents und Filme zu geniessen.<\/p><\/div><\/div><\/section>\t\t\t\t<\/div>\n\t\t\t\t<\/div>\n\t\t\t\t\t<\/div>\n\t\t\t\t<\/div>\n\t\t<div class=\"elementor-element elementor-element-ff84dc2 e-flex e-con-boxed e-con e-parent\" data-id=\"ff84dc2\" data-element_type=\"container\" data-settings=\"{&quot;background_background&quot;:&quot;gradient&quot;}\">\n\t\t\t\t\t<div class=\"e-con-inner\">\n\t\t<div class=\"elementor-element elementor-element-fb39124 e-con-full animated-slow e-flex elementor-invisible e-con e-child\" data-id=\"fb39124\" data-element_type=\"container\" data-settings=\"{&quot;background_background&quot;:&quot;classic&quot;,&quot;animation&quot;:&quot;bounceInRight&quot;,&quot;animation_mobile&quot;:&quot;none&quot;}\">\n\t\t\t\t<div class=\"elementor-element elementor-element-984e4a2 elementor-invisible elementor-widget elementor-widget-wdes-section-header-widget\" data-id=\"984e4a2\" data-element_type=\"widget\" data-settings=\"{&quot;_animation&quot;:&quot;zoomIn&quot;,&quot;_animation_mobile&quot;:&quot;fadeIn&quot;}\" data-widget_type=\"wdes-section-header-widget.default\">\n\t\t\t\t<div class=\"elementor-widget-container\">\n\t\t\t\t\t<section class=\"widget-content wdes-widget-section-header\"><div class=\"wdes-widget-inner wdes-text-align-left\"><h2 class=\"wdes-section-header-primary\">Unsere Geschichte \u2013 mehr als nur Streaming<\/h2><div class=\"wdes-section-header-description\"><p style=\"text-align: left;\">Alles begann mit einem ladenden Puffer-Bildschirm.<\/p><p style=\"text-align: left;\">Wie viele von Ihnen verbrachte unser Gr\u00fcnder unz\u00e4hlige Abende damit, auf dieses frustrierende, sich drehende Rad zu starren, w\u00e4hrend er wichtige Spiele und Sendungen schauen wollte. Zwischen unzuverl\u00e4ssigen Diensten, komplizierten Einrichtungen und st\u00e4ndig wechselnden Senderlisten erkannte er, dass es einen besseren Weg geben musste, Unterhaltung zu geniessen.<\/p><p style=\"text-align: left;\">Im Jahr 2022 \u2013 nach Jahren in der Streaming-Branche und dem wiederholten Erleben derselben Probleme bei Dutzenden Diensten \u2013 beschloss er, etwas anderes zu schaffen. Etwas, das Qualit\u00e4t vor Quantit\u00e4t stellt, Zuverl\u00e4ssigkeit vor Hype und echte Kundenbetreuung vor automatisierten Antworten.<\/p><p style=\"text-align: left;\">Heute ist PV Flix von einer Idee am K\u00fcchentisch zu einer vertrauensw\u00fcrdigen Unterhaltungsplattform gewachsen, die tausende Nutzer in ganz Europa bedient. Doch wir haben nie aus den Augen verloren, was unsere Reise urspr\u00fcnglich ausgel\u00f6st hat: jene allzu bekannte Frustration. Jede Entscheidung, die wir treffen \u2013 von unserer pufferfreien Technologie bis hin zu unserem 24\/7-Support-Team \u2013 zielt darauf ab, genau diese Probleme zu beseitigen, die wir alle nur zu gut kennen.<\/p><p style=\"text-align: left;\">Was uns wirklich auszeichnet, sind nicht nur unsere \u00fcber 25'000 Sender oder die 4K Ultra-HD-Qualit\u00e4t \u2013 sondern unser Versprechen, Unterhaltung so zu gestalten, dass sie f\u00fcr Sie funktioniert, und nicht umgekehrt. W\u00e4hrend andere pausenlos Sender hinzuf\u00fcgen, unabh\u00e4ngig von deren Qualit\u00e4t, kuratieren wir unsere Inhalte sorgf\u00e4ltig, um sicherzustellen, dass jeder Stream Ihre Zeit wert ist.<\/p><p style=\"text-align: left;\">Wenn Sie sich f\u00fcr PV Flix entscheiden, erhalten Sie nicht einfach ein weiteres Abonnement \u2013 Sie werden Teil einer Community, die nahtlose Seherlebnisse sch\u00e4tzt und versteht, dass Unterhaltung Ihr Leben bereichern, nicht komplizierter machen sollte. Wir verbessern uns kontinuierlich basierend auf Ihrem Feedback, denn letztendlich sind auch wir Zuschauer.<\/p><p style=\"text-align: left;\" data-spm-anchor-id=\"a2ty_o01.29997173.0.i10.6f8ec921MVby2Q\">Ob Sie nun die neueste Serie schauen, Ihrem Lieblingsteam zurufen oder Ihren Kindern ihren neuen Lieblingsanime zeigen \u2013 wir sorgen daf\u00fcr, dass nichts zwischen Ihnen und Ihrer Unterhaltung steht. Denn besondere Momente sollten nicht durch ladende Puffer-Bildschirme oder komplizierte Einrichtungen unterbrochen werden \u2013 sie sollten einfach stattfinden.<\/p><\/div><\/div><\/section>\t\t\t\t<\/div>\n\t\t\t\t<\/div>\n\t\t\t\t<\/div>\n\t\t<div class=\"elementor-element elementor-element-525e9e3 e-con-full animated-slow e-flex elementor-invisible e-con e-child\" data-id=\"525e9e3\" data-element_type=\"container\" data-settings=\"{&quot;background_background&quot;:&quot;classic&quot;,&quot;animation&quot;:&quot;bounceInLeft&quot;}\">\n\t\t\t\t<div class=\"elementor-element elementor-element-de60f3b elementor-widget elementor-widget-image\" data-id=\"de60f3b\" data-element_type=\"widget\" data-settings=\"{&quot;_animation_mobile&quot;:&quot;zoomIn&quot;}\" data-widget_type=\"image.default\">\n\t\t\t\t\t\t\t\t\t\t\t\t\t\t\t<img loading=\"lazy\" decoding=\"sync\" width=\"695\" height=\"350\" src=\"https:\/\/pvflix.com\/wp-content\/uploads\/2025\/09\/PV-Flix-Logo.webp\" class=\"attachment-full size-full wp-image-484\" alt=\"PV Flix logo\" srcset=\"https:\/\/pvflix.com\/wp-content\/uploads\/2025\/09\/PV-Flix-Logo.webp 695w, https:\/\/pvflix.com\/wp-content\/uploads\/2025\/09\/PV-Flix-Logo-416x209.webp 416w, https:\/\/pvflix.com\/wp-content\/uploads\/2025\/09\/PV-Flix-Logo-300x151.webp 300w\" sizes=\"auto, (max-width: 695px) 100vw, 695px\" \/>\t\t\t\t\t\t\t\t\t\t\t\t\t\t\t<\/div>\n\t\t\t\t<div class=\"elementor-element elementor-element-e4bd191 elementor-invisible elementor-widget elementor-widget-image-carousel\" data-id=\"e4bd191\" data-element_type=\"widget\" data-settings=\"{&quot;slides_to_show&quot;:&quot;3&quot;,&quot;slides_to_show_mobile&quot;:&quot;3&quot;,&quot;navigation&quot;:&quot;none&quot;,&quot;autoplay_speed&quot;:1000,&quot;speed&quot;:2000,&quot;image_spacing_custom&quot;:{&quot;unit&quot;:&quot;px&quot;,&quot;size&quot;:40,&quot;sizes&quot;:[]},&quot;image_spacing_custom_mobile&quot;:{&quot;unit&quot;:&quot;px&quot;,&quot;size&quot;:30,&quot;sizes&quot;:[]},&quot;_animation&quot;:&quot;zoomIn&quot;,&quot;autoplay&quot;:&quot;yes&quot;,&quot;infinite&quot;:&quot;yes&quot;,&quot;image_spacing_custom_tablet&quot;:{&quot;unit&quot;:&quot;px&quot;,&quot;size&quot;:&quot;&quot;,&quot;sizes&quot;:[]}}\" data-widget_type=\"image-carousel.default\">\n\t\t\t\t\t\t\t<div class=\"elementor-image-carousel-wrapper swiper\" role=\"region\" aria-roledescription=\"carousel\" aria-label=\"Image Carousel\" dir=\"ltr\">\n\t\t\t<div class=\"elementor-image-carousel swiper-wrapper\" aria-live=\"off\">\n\t\t\t\t\t\t\t\t<div class=\"swiper-slide\" role=\"group\" aria-roledescription=\"slide\" aria-label=\"1 of 18\"><figure class=\"swiper-slide-inner\"><img loading=\"lazy\" decoding=\"sync\" class=\"swiper-slide-image\" src=\"https:\/\/pvflix.com\/wp-content\/uploads\/2025\/09\/NETFLIX-logo.webp\" alt=\"NETFLIX logo\" \/><\/figure><\/div><div class=\"swiper-slide\" role=\"group\" aria-roledescription=\"slide\" aria-label=\"2 of 18\"><figure class=\"swiper-slide-inner\"><img loading=\"lazy\" decoding=\"sync\" class=\"swiper-slide-image\" src=\"https:\/\/pvflix.com\/wp-content\/uploads\/2025\/09\/bein-sports-logo.webp\" alt=\"bein sports logo\" \/><\/figure><\/div><div class=\"swiper-slide\" role=\"group\" aria-roledescription=\"slide\" aria-label=\"3 of 18\"><figure class=\"swiper-slide-inner\"><img loading=\"lazy\" decoding=\"sync\" class=\"swiper-slide-image\" src=\"https:\/\/pvflix.com\/wp-content\/uploads\/2025\/09\/wwe-network.webp\" alt=\"wwe network\" \/><\/figure><\/div><div class=\"swiper-slide\" role=\"group\" aria-roledescription=\"slide\" aria-label=\"4 of 18\"><figure class=\"swiper-slide-inner\"><img loading=\"lazy\" decoding=\"sync\" class=\"swiper-slide-image\" src=\"https:\/\/pvflix.com\/wp-content\/uploads\/2025\/09\/TNT-Sports-logo.webp\" alt=\"TNT Sports logo\" \/><\/figure><\/div><div class=\"swiper-slide\" role=\"group\" aria-roledescription=\"slide\" aria-label=\"5 of 18\"><figure class=\"swiper-slide-inner\"><img loading=\"lazy\" decoding=\"sync\" class=\"swiper-slide-image\" src=\"https:\/\/pvflix.com\/wp-content\/uploads\/2025\/09\/SSC-channel.webp\" alt=\"SSC channel\" \/><\/figure><\/div><div class=\"swiper-slide\" role=\"group\" aria-roledescription=\"slide\" aria-label=\"6 of 18\"><figure class=\"swiper-slide-inner\"><img loading=\"lazy\" decoding=\"sync\" class=\"swiper-slide-image\" src=\"https:\/\/pvflix.com\/wp-content\/uploads\/2025\/09\/SKY-sports.webp\" alt=\"SKY sports\" \/><\/figure><\/div><div class=\"swiper-slide\" role=\"group\" aria-roledescription=\"slide\" aria-label=\"7 of 18\"><figure class=\"swiper-slide-inner\"><img loading=\"lazy\" decoding=\"sync\" class=\"swiper-slide-image\" src=\"https:\/\/pvflix.com\/wp-content\/uploads\/2025\/09\/Sport-TV-logo.webp\" alt=\"Sport TV logo\" \/><\/figure><\/div><div class=\"swiper-slide\" role=\"group\" aria-roledescription=\"slide\" aria-label=\"8 of 18\"><figure class=\"swiper-slide-inner\"><img loading=\"lazy\" decoding=\"sync\" class=\"swiper-slide-image\" src=\"https:\/\/pvflix.com\/wp-content\/uploads\/2025\/09\/Prime-Video-Logo.webp\" alt=\"Prime Video Logo\" \/><\/figure><\/div><div class=\"swiper-slide\" role=\"group\" aria-roledescription=\"slide\" aria-label=\"9 of 18\"><figure class=\"swiper-slide-inner\"><img loading=\"lazy\" decoding=\"sync\" class=\"swiper-slide-image\" src=\"https:\/\/pvflix.com\/wp-content\/uploads\/2025\/09\/peacock-logo.webp\" alt=\"peacock logo\" \/><\/figure><\/div><div class=\"swiper-slide\" role=\"group\" aria-roledescription=\"slide\" aria-label=\"10 of 18\"><figure class=\"swiper-slide-inner\"><img loading=\"lazy\" decoding=\"sync\" class=\"swiper-slide-image\" src=\"https:\/\/pvflix.com\/wp-content\/uploads\/2025\/09\/OSN-logo.webp\" alt=\"OSN logo\" \/><\/figure><\/div><div class=\"swiper-slide\" role=\"group\" aria-roledescription=\"slide\" aria-label=\"11 of 18\"><figure class=\"swiper-slide-inner\"><img loading=\"lazy\" decoding=\"sync\" class=\"swiper-slide-image\" src=\"https:\/\/pvflix.com\/wp-content\/uploads\/2025\/09\/national-geografic-logo.webp\" alt=\"national geografic logo\" \/><\/figure><\/div><div class=\"swiper-slide\" role=\"group\" aria-roledescription=\"slide\" aria-label=\"12 of 18\"><figure class=\"swiper-slide-inner\"><img loading=\"lazy\" decoding=\"sync\" class=\"swiper-slide-image\" src=\"https:\/\/pvflix.com\/wp-content\/uploads\/2025\/09\/HBO-Logo.webp\" alt=\"HBO Logo\" \/><\/figure><\/div><div class=\"swiper-slide\" role=\"group\" aria-roledescription=\"slide\" aria-label=\"13 of 18\"><figure class=\"swiper-slide-inner\"><img loading=\"lazy\" decoding=\"sync\" class=\"swiper-slide-image\" src=\"https:\/\/pvflix.com\/wp-content\/uploads\/2025\/09\/FOX-channel-logo.webp\" alt=\"FOX channel logo\" \/><\/figure><\/div><div class=\"swiper-slide\" role=\"group\" aria-roledescription=\"slide\" aria-label=\"14 of 18\"><figure class=\"swiper-slide-inner\"><img loading=\"lazy\" decoding=\"sync\" class=\"swiper-slide-image\" src=\"https:\/\/pvflix.com\/wp-content\/uploads\/2025\/09\/USA-Network-logo.webp\" alt=\"USA Network logo\" \/><\/figure><\/div><div class=\"swiper-slide\" role=\"group\" aria-roledescription=\"slide\" aria-label=\"15 of 18\"><figure class=\"swiper-slide-inner\"><img loading=\"lazy\" decoding=\"sync\" class=\"swiper-slide-image\" src=\"https:\/\/pvflix.com\/wp-content\/uploads\/2025\/09\/DAZN-Channel-Logo.webp\" alt=\"DAZN Channel Logo\" \/><\/figure><\/div><div class=\"swiper-slide\" role=\"group\" aria-roledescription=\"slide\" aria-label=\"16 of 18\"><figure class=\"swiper-slide-inner\"><img loading=\"lazy\" decoding=\"sync\" class=\"swiper-slide-image\" src=\"https:\/\/pvflix.com\/wp-content\/uploads\/2025\/09\/disnep-plus.webp\" alt=\"disnep plus\" \/><\/figure><\/div><div class=\"swiper-slide\" role=\"group\" aria-roledescription=\"slide\" aria-label=\"17 of 18\"><figure class=\"swiper-slide-inner\"><img loading=\"lazy\" decoding=\"sync\" class=\"swiper-slide-image\" src=\"https:\/\/pvflix.com\/wp-content\/uploads\/2025\/09\/ESPN-logo.webp\" alt=\"ESPN logo\" \/><\/figure><\/div><div class=\"swiper-slide\" role=\"group\" aria-roledescription=\"slide\" aria-label=\"18 of 18\"><figure class=\"swiper-slide-inner\"><img loading=\"lazy\" decoding=\"sync\" class=\"swiper-slide-image\" src=\"https:\/\/pvflix.com\/wp-content\/uploads\/2025\/09\/FIFA-Plus-logo.webp\" alt=\"FIFA Plus logo\" \/><\/figure><\/div>\t\t\t<\/div>\n\t\t\t\t\t\t\t\n\t\t\t\t\t\t\t\t\t<\/div>\n\t\t\t\t\t\t<\/div>\n\t\t\t\t<\/div>\n\t\t\t\t\t<\/div>\n\t\t\t\t<\/div>\n\t\t\t\t<section class=\"elementor-section elementor-top-section elementor-element elementor-element-b1d28f0 elementor-section-boxed elementor-section-height-default elementor-section-height-default\" data-id=\"b1d28f0\" data-element_type=\"section\" data-settings=\"{&quot;background_background&quot;:&quot;gradient&quot;}\">\n\t\t\t\t\t\t<div class=\"elementor-container elementor-column-gap-default\">\n\t\t\t\t\t<div class=\"elementor-column elementor-col-100 elementor-top-column elementor-element elementor-element-ae5a9a6\" data-id=\"ae5a9a6\" data-element_type=\"column\">\n\t\t\t<div class=\"elementor-widget-wrap elementor-element-populated\">\n\t\t\t\t<div class=\"elementor-element elementor-element-d53b599 e-flex e-con-boxed e-con e-parent\" data-id=\"d53b599\" data-element_type=\"container\">\n\t\t\t\t\t<div class=\"e-con-inner\">\n\t\t\t\t<div class=\"elementor-element elementor-element-afa0b3a animated-slow elementor-invisible elementor-widget elementor-widget-wdes-section-header-widget\" data-id=\"afa0b3a\" data-element_type=\"widget\" data-settings=\"{&quot;_animation&quot;:&quot;bounceInUp&quot;}\" data-widget_type=\"wdes-section-header-widget.default\">\n\t\t\t\t<div class=\"elementor-widget-container\">\n\t\t\t\t\t<section class=\"widget-content wdes-widget-section-header\"><div class=\"wdes-widget-inner wdes-text-align-center\"><h2 class=\"wdes-section-header-primary\">Haben Sie noch Zweifel?<\/h2><\/div><\/section>\t\t\t\t<\/div>\n\t\t\t\t<\/div>\n\t\t\t\t\t<\/div>\n\t\t\t\t<\/div>\n\t\t\t\t<section class=\"elementor-section elementor-inner-section elementor-element elementor-element-d454595 elementor-section-boxed elementor-section-height-default elementor-section-height-default\" data-id=\"d454595\" data-element_type=\"section\">\n\t\t\t\t\t\t<div class=\"elementor-container elementor-column-gap-default\">\n\t\t\t\t\t<div class=\"elementor-column elementor-col-50 elementor-inner-column elementor-element elementor-element-f16d111 animated-slow elementor-invisible\" data-id=\"f16d111\" data-element_type=\"column\" data-settings=\"{&quot;background_background&quot;:&quot;classic&quot;,&quot;animation&quot;:&quot;bounceInLeft&quot;}\">\n\t\t\t<div class=\"elementor-widget-wrap elementor-element-populated\">\n\t\t\t\t\t\t<div class=\"elementor-element elementor-element-5f870af elementor-align-right elementor-widget__width-initial elementor-mobile-align-center elementor-widget-mobile__width-inherit elementor-invisible elementor-widget elementor-widget-button\" data-id=\"5f870af\" data-element_type=\"widget\" data-settings=\"{&quot;_animation&quot;:&quot;zoomIn&quot;}\" data-widget_type=\"button.default\">\n\t\t\t\t\t\t\t\t\t\t<a class=\"elementor-button elementor-button-link elementor-size-sm\" href=\"#plan\">\n\t\t\t\t\t\t<span class=\"elementor-button-content-wrapper\">\n\t\t\t\t\t\t\t\t\t<span class=\"elementor-button-text\">Tarife Ansehen<\/span>\n\t\t\t\t\t<\/span>\n\t\t\t\t\t<\/a>\n\t\t\t\t\t\t\t\t<\/div>\n\t\t\t\t\t<\/div>\n\t\t<\/div>\n\t\t\t\t<div class=\"elementor-column elementor-col-50 elementor-inner-column elementor-element elementor-element-08575b4 animated-slow elementor-invisible\" data-id=\"08575b4\" data-element_type=\"column\" data-settings=\"{&quot;background_background&quot;:&quot;classic&quot;,&quot;animation&quot;:&quot;bounceInRight&quot;}\">\n\t\t\t<div class=\"elementor-widget-wrap elementor-element-populated\">\n\t\t\t\t\t\t<div class=\"elementor-element elementor-element-66b4826 elementor-align-center elementor-widget__width-initial elementor-widget-mobile__width-inherit elementor-invisible elementor-widget elementor-widget-button\" data-id=\"66b4826\" data-element_type=\"widget\" data-settings=\"{&quot;_animation&quot;:&quot;zoomIn&quot;}\" data-widget_type=\"button.default\">\n\t\t\t\t\t\t\t\t\t\t<a class=\"elementor-button elementor-button-link elementor-size-sm\" href=\"#\">\n\t\t\t\t\t\t<span class=\"elementor-button-content-wrapper\">\n\t\t\t\t\t\t\t\t\t<span class=\"elementor-button-text\">Kontakt<\/span>\n\t\t\t\t\t<\/span>\n\t\t\t\t\t<\/a>\n\t\t\t\t\t\t\t\t<\/div>\n\t\t\t\t\t<\/div>\n\t\t<\/div>\n\t\t\t\t\t<\/div>\n\t\t<\/section>\n\t\t\t\t\t<\/div>\n\t\t<\/div>\n\t\t\t\t\t<\/div>\n\t\t<\/section>\n\t\t\t\t<\/div>","protected":false},"excerpt":{"rendered":"<p>About PV Flix: Your Gateway to Premium TV Content At PV Flix, we believe everyone deserves seamless access to the entertainment they love, without limitations or frustration. Born from our own struggles with unreliable streaming services and complicated setups, we created a platform that puts you first\u2014delivering crystal-clear content across all your devices with the [&hellip;]<\/p>","protected":false},"author":1,"featured_media":0,"parent":0,"menu_order":0,"comment_status":"closed","ping_status":"closed","template":"","meta":{"footnotes":""},"class_list":["post-740","page","type-page","status-publish","hentry"],"jetpack_sharing_enabled":true,"rttpg_featured_image_url":null,"rttpg_author":{"display_name":"PV Flix","author_link":"https:\/\/pvflix.com\/de\/author\/pvflixsitegmail-com\/"},"rttpg_comment":0,"rttpg_category":null,"rttpg_excerpt":"About PV Flix: Your Gateway to Premium TV Content At PV Flix, we believe everyone deserves seamless access to the entertainment they love, without limitations or frustration. Born from our own struggles with unreliable streaming services and complicated setups, we created a platform that puts you first\u2014delivering crystal-clear content across all your devices with the&hellip;","_links":{"self":[{"href":"https:\/\/pvflix.com\/de\/wp-json\/wp\/v2\/pages\/740","targetHints":{"allow":["GET"]}}],"collection":[{"href":"https:\/\/pvflix.com\/de\/wp-json\/wp\/v2\/pages"}],"about":[{"href":"https:\/\/pvflix.com\/de\/wp-json\/wp\/v2\/types\/page"}],"author":[{"embeddable":true,"href":"https:\/\/pvflix.com\/de\/wp-json\/wp\/v2\/users\/1"}],"replies":[{"embeddable":true,"href":"https:\/\/pvflix.com\/de\/wp-json\/wp\/v2\/comments?post=740"}],"version-history":[{"count":0,"href":"https:\/\/pvflix.com\/de\/wp-json\/wp\/v2\/pages\/740\/revisions"}],"wp:attachment":[{"href":"https:\/\/pvflix.com\/de\/wp-json\/wp\/v2\/media?parent=740"}],"curies":[{"name":"wp","href":"https:\/\/api.w.org\/{rel}","templated":true}]}}